{"id":1473,"date":"2017-10-13T13:29:30","date_gmt":"2017-10-13T11:29:30","guid":{"rendered":"http:\/\/www.creawebdesign.be\/csst\/?page_id=1473"},"modified":"2022-08-10T23:22:54","modified_gmt":"2022-08-10T21:22:54","slug":"declaration-daccident-en-ligne","status":"publish","type":"page","link":"https:\/\/www.rcssarttilman.be\/?page_id=1473","title":{"rendered":"D\u00e9claration d&rsquo;accident en ligne"},"content":{"rendered":"<p><strong>Que faire en cas de blessure ?<\/strong><\/p>\n<p>1. Une d\u00e9claration d&rsquo;accident est disponible aupr\u00e8s de votre d\u00e9l\u00e9gu\u00e9, au secr\u00e9tariat ou t\u00e9l\u00e9chargeable\u00a0&#8211;\u00a0<strong><span style=\"color: #008000;\"><a href=\"https:\/\/www.rcssarttilman.be\/wp-content\/uploads\/2022\/08\/declarationaccident2022_23.pdf\" target=\"_blank\" rel=\"noopener\">Cliquez ici<\/a><\/span><\/strong><\/p>\n<p>2. Lors de la visite chez le m\u00e9decin, faites-lui remplir la partie \u00ab\u00a0Attestation m\u00e9dicale\u00a0\u00bb<\/p>\n<p>3. Compl\u00e9tez\u00a0<strong>obligatoirement <\/strong>les renseignements suivants : nom, pr\u00e9nom, date &amp; heure &amp; circonstances de l&rsquo;accident,\u00a0et\u00a0<strong>n&rsquo;oubliez pas d&rsquo;apposer une vignette de votre mutuelle \u00e0 l&rsquo;endroit pr\u00e9vu.<\/strong><\/p>\n<p>4. Remettez la d\u00e9claration d&rsquo;accident au secr\u00e9tariat qui le transmettra au\u00a0<strong>F<\/strong>onds de\u00a0<strong>S<\/strong>olidarit\u00e9\u00a0<strong>F<\/strong>\u00e9d\u00e9ral, le d\u00e9lai maximum est de\u00a0<strong>21 jours<\/strong>\u00a0\u00e0 partir de la date de l&rsquo;accident.<\/p>\n<p>5. Lorsque vous \u00eates r\u00e9tabli, vous ferez compl\u00e9ter par le m\u00e9decin le \u00ab\u00a0<strong>Certificat de gu\u00e9rison FSF<\/strong>\u00a0\u00bb que vous aurez re\u00e7u pr\u00e9c\u00e9demment du secr\u00e9tariat.<\/p>\n<p>6. Pour le remboursement : apr\u00e8s avoir pay\u00e9 toutes les factures et avoir per\u00e7u tous les remboursements de la mutuelle, toutes les quittances mentionnant les montants non rembours\u00e9s sont \u00e0 rentrer au secr\u00e9tariat. La diff\u00e9rence est prise en charge par le Fonds de Solidarit\u00e9 F\u00e9d\u00e9ral.<\/p>\n","protected":false},"excerpt":{"rendered":"<p>Que faire en cas de blessure ? 1. Une d\u00e9claration d&rsquo;accident est disponible aupr\u00e8s de votre d\u00e9l\u00e9gu\u00e9, au secr\u00e9tariat ou t\u00e9l\u00e9chargeable\u00a0&#8211;\u00a0Cliquez ici 2. Lors de la visite chez le m\u00e9decin, faites-lui remplir la partie \u00ab\u00a0Attestation m\u00e9dicale\u00a0\u00bb 3. Compl\u00e9tez\u00a0obligatoirement les renseignements suivants : nom, pr\u00e9nom, date &amp; heure &amp; circonstances de l&rsquo;accident,\u00a0et\u00a0n&rsquo;oubliez pas d&rsquo;apposer une vignette [&hellip;]<\/p>\n","protected":false},"author":1,"featured_media":0,"parent":0,"menu_order":0,"comment_status":"closed","ping_status":"closed","template":"","meta":{"_crdt_document":"","footnotes":""},"class_list":["post-1473","page","type-page","status-publish","hentry"],"_links":{"self":[{"href":"https:\/\/www.rcssarttilman.be\/index.php?rest_route=\/wp\/v2\/pages\/1473","targetHints":{"allow":["GET"]}}],"collection":[{"href":"https:\/\/www.rcssarttilman.be\/index.php?rest_route=\/wp\/v2\/pages"}],"about":[{"href":"https:\/\/www.rcssarttilman.be\/index.php?rest_route=\/wp\/v2\/types\/page"}],"author":[{"embeddable":true,"href":"https:\/\/www.rcssarttilman.be\/index.php?rest_route=\/wp\/v2\/users\/1"}],"replies":[{"embeddable":true,"href":"https:\/\/www.rcssarttilman.be\/index.php?rest_route=%2Fwp%2Fv2%2Fcomments&post=1473"}],"version-history":[{"count":11,"href":"https:\/\/www.rcssarttilman.be\/index.php?rest_route=\/wp\/v2\/pages\/1473\/revisions"}],"predecessor-version":[{"id":6018,"href":"https:\/\/www.rcssarttilman.be\/index.php?rest_route=\/wp\/v2\/pages\/1473\/revisions\/6018"}],"wp:attachment":[{"href":"https:\/\/www.rcssarttilman.be\/index.php?rest_route=%2Fwp%2Fv2%2Fmedia&parent=1473"}],"curies":[{"name":"wp","href":"https:\/\/api.w.org\/{rel}","templated":true}]}}