{"id":1609,"date":"2017-10-14T05:25:12","date_gmt":"2017-10-14T03:25:12","guid":{"rendered":"http:\/\/www.creawebdesign.be\/csst\/?page_id=1609"},"modified":"2025-06-10T12:51:15","modified_gmt":"2025-06-10T10:51:15","slug":"renseignements-inscriptions","status":"publish","type":"page","link":"https:\/\/www.rcssarttilman.be\/?page_id=1609","title":{"rendered":"Renseignements inscriptions"},"content":{"rendered":"<p><strong>L&rsquo;\u00e9cole des jeunes du CS Sart-Tilman accueille les enfants, gar\u00e7ons et filles, d\u00e8s l&rsquo;\u00e2ge de 5 ans.<\/strong><\/p>\n<p><strong>Pour toutes demande de renseignements et\/ou inscription, merci de scanner le QR code ou suivez le liens ci-dessous.<\/strong><\/p>\n<\/p>\n<h3>\u00a0<\/h3>\n\n\n<p class=\"wp-block-paragraph\">COMPLET<\/p>\n\n\n\n<p class=\"wp-block-paragraph\"><\/p>\n\n\n\n<p class=\"wp-block-paragraph\"><\/p>\n\n\n\n<p class=\"wp-block-paragraph\"><\/p>\n","protected":false},"excerpt":{"rendered":"<p>L&rsquo;\u00e9cole des jeunes du CS Sart-Tilman accueille les enfants, gar\u00e7ons et filles, d\u00e8s l&rsquo;\u00e2ge de 5 ans. Pour toutes demande de renseignements et\/ou inscription, merci de scanner le QR code ou suivez le liens ci-dessous. \u00a0 COMPLET<\/p>\n","protected":false},"author":1,"featured_media":0,"parent":0,"menu_order":0,"comment_status":"closed","ping_status":"closed","template":"","meta":{"_crdt_document":"","footnotes":""},"class_list":["post-1609","page","type-page","status-publish","hentry"],"_links":{"self":[{"href":"https:\/\/www.rcssarttilman.be\/index.php?rest_route=\/wp\/v2\/pages\/1609","targetHints":{"allow":["GET"]}}],"collection":[{"href":"https:\/\/www.rcssarttilman.be\/index.php?rest_route=\/wp\/v2\/pages"}],"about":[{"href":"https:\/\/www.rcssarttilman.be\/index.php?rest_route=\/wp\/v2\/types\/page"}],"author":[{"embeddable":true,"href":"https:\/\/www.rcssarttilman.be\/index.php?rest_route=\/wp\/v2\/users\/1"}],"replies":[{"embeddable":true,"href":"https:\/\/www.rcssarttilman.be\/index.php?rest_route=%2Fwp%2Fv2%2Fcomments&post=1609"}],"version-history":[{"count":14,"href":"https:\/\/www.rcssarttilman.be\/index.php?rest_route=\/wp\/v2\/pages\/1609\/revisions"}],"predecessor-version":[{"id":6457,"href":"https:\/\/www.rcssarttilman.be\/index.php?rest_route=\/wp\/v2\/pages\/1609\/revisions\/6457"}],"wp:attachment":[{"href":"https:\/\/www.rcssarttilman.be\/index.php?rest_route=%2Fwp%2Fv2%2Fmedia&parent=1609"}],"curies":[{"name":"wp","href":"https:\/\/api.w.org\/{rel}","templated":true}]}}