{"id":1651,"date":"2017-10-14T07:33:24","date_gmt":"2017-10-14T05:33:24","guid":{"rendered":"http:\/\/www.creawebdesign.be\/csst\/?page_id=1651"},"modified":"2017-10-14T07:50:32","modified_gmt":"2017-10-14T05:50:32","slug":"document-didentite-obligatoire","status":"publish","type":"page","link":"https:\/\/www.rcssarttilman.be\/?page_id=1651","title":{"rendered":"Document d&rsquo;identit\u00e9 obligatoire"},"content":{"rendered":"<h3><span lang=\"FR\"><u><strong>Article 1421 du R\u00e8glement f\u00e9d\u00e9ral : Identification des joueurs<\/strong><\/u><\/span><\/h3>\n<h4><span style=\"font-size: small;\"><u><strong>1. Identification<\/strong><\/u><\/span><\/h4>\n<p><span style=\"font-size: small;\"><strong>11.<\/strong> A l\u2019exception des matches des \u00e9quipes premi\u00e8res de la Pro League, pour lesquelles les dispositions de l\u2019article 335 sont d\u2019application, tout joueur inscrit sur la feuille de match d\u2019une comp\u00e9tition officielle doit pr\u00e9senter un document officiel d\u2019identit\u00e9 ou une licence.<\/span><\/p>\n<p><span style=\"font-size: small;\">Le joueur, qui doit produire un document officiel d\u2019identit\u00e9 ou une licence de joueur, et qui n\u2019est pas \u00e0 m\u00eame de le faire avant la cl\u00f4ture finale de la feuille de match qu\u2019elle soit manuscrite ou digitale, n\u2019est pas qualifi\u00e9 pour participer \u00e0 un match officiel.<\/span><\/p>\n<p><span style=\"font-size: small;\"><strong>12<\/strong>. Pour pouvoir \u00eatre inscrit sur la feuille de match d\u2019un match officiel de l\u2019\u00e9quipe premi\u00e8re (Art. 1401), tout joueur \u00e9voluant dans le Football R\u00e9mun\u00e9r\u00e9 et tout sportif r\u00e9mun\u00e9r\u00e9, non ressortissant d\u2019un pays de l\u2019Espace Economique Europ\u00e9en (E.E.E.), \u00e9voluant dans n\u2019importe quelle division, doit \u00eatre en possession d\u2019une licence de joueur d\u00e9livr\u00e9e par l\u2019URBSFA (Art. 334). S\u2019il poss\u00e8de une licence mais ne peut la pr\u00e9senter, le joueur doit produire un document officiel d\u2019identit\u00e9. Cette obligation ne s\u2019applique pas aux joueurs d\u2019un club de division 1 nationale, qui doivent \u00eatre inscrits sur la liste Squad Size Limit (Art. 335) de leur club.<\/span><\/p>\n<p><span style=\"font-size: small;\"><strong>13. <\/strong>Le joueur qui b\u00e9n\u00e9ficie d\u2019une d\u00e9rogation m\u00e9dicale doit pr\u00e9senter \u00e0 l\u2019arbitre, lors de la v\u00e9rification de l\u2019identit\u00e9, une attestation d\u00e9livr\u00e9e \u00e0 cet effet par l\u2019URBSFA.<\/span><\/p>\n<p><span style=\"font-size: small;\">Lorsque cette attestation n\u2019est pas produite, il n\u2019est pas qualifi\u00e9 (Art. 1006) pour participer \u00e0 la rencontre. Au cas o\u00f9 il y participe n\u00e9anmoins, les dispositions <\/span><span style=\"font-size: small;\">du point 4 ci-dessous sont d\u2019application.<\/span><\/p>\n<h4><span style=\"font-size: small;\"><u><strong>2. Documents officiels d\u2019identit\u00e9 <\/strong><\/u><\/span><\/h4>\n<p><span style=\"font-size: small;\">Peut valablement \u00eatre pr\u00e9sent\u00e9 comme document officiel d\u2019identit\u00e9:<\/span><\/p>\n<p><span style=\"font-size: small;\">\u2013 tout document officiel muni d\u2019une photo d\u00e9livr\u00e9 par une administration officielle.<\/span><\/p>\n<p><span style=\"font-size: small;\">\u2013 un document de remplacement muni d\u2019une photo, d\u00e9livr\u00e9 par les services de police locaux en cas de perte ou de vol de la carte d\u2019identit\u00e9 communale ou <\/span><span style=\"font-size: small;\">tout autre document officiel.<\/span><\/p>\n<p><span style=\"font-size: small;\">\u2013 un document imprim\u00e9 muni d\u2019une photo des donn\u00e9es reprises sur la puce de la carte d\u2019identit\u00e9 \u00e9lectronique.<\/span><\/p>\n<p><span style=\"font-size: small;\">\u2013 tout document muni d\u2019une photo, reconnu et d\u00e9livr\u00e9 par l\u2019URBSFA.<\/span><\/p>\n<h4><span style=\"font-size: small;\"><u><strong>3. V\u00e9rification de l\u2019identit\u00e9 des joueurs \u00e0 l\u2019occasion des matches <\/strong><\/u><\/span><\/h4>\n<p><span style=\"font-size: small;\"><strong>31.<\/strong> Avant chaque match, l\u2019arbitre est tenu de v\u00e9rifier l\u2019identit\u00e9 de tous les joueurs dont le nom figure sur la feuille de match.<\/span><\/p>\n<p><span style=\"font-size: small;\">Cette v\u00e9rification s\u2019effectue en pr\u00e9sence des joueurs concern\u00e9s et du d\u00e9l\u00e9gu\u00e9 officiel de chacune des \u00e9quipes. Le cas \u00e9ch\u00e9ant, l\u2019arbitre peut d\u00e9cider de proc\u00e9der \u00e0 cette v\u00e9rification au cours du repos ou \u00e0 l\u2019issue de la rencontre.<\/span><\/p>\n<p><span style=\"font-size: small;\">Toutefois, il doit se faire:<\/span><\/p>\n<p><span style=\"font-size: small;\">\u2013 avant la signature manuscrite de la feuille de match par les parties concern\u00e9es ou<\/span><\/p>\n<p><span style=\"font-size: small;\">\u2013 avant la cl\u00f4ture digitale par l\u2019arbitre dans les installations du club organisateur du match ou<\/span><\/p>\n<p><span style=\"font-size: small;\">\u2013 avant qu\u2019il ne quitte son vestiaire, si la cl\u00f4ture de la feuille par l\u2019arbitre ne se fait pas dans les installations du club organisateur du match.<\/span><\/p>\n<p><span style=\"font-size: small;\"><strong>32.<\/strong> Lorsqu\u2019un joueur ne peut pr\u00e9senter sa licence ou un document officiel d\u2019identit\u00e9, selon le cas, l\u2019arbitre est tenu de mentionner ce manquement sur la feuille de match.<\/span><\/p>\n<h4><span style=\"font-size: small;\"><u><strong>4. Absence d\u2019un document officiel d\u2019identit\u00e9 \u2013 Sanctions <\/strong><\/u><\/span><\/h4>\n<p><span style=\"font-size: small;\">Au cas o\u00f9 le joueur est n\u00e9anmoins inscrit sur la feuille de match, une amende de 4,00 EUR, qui est ramen\u00e9e \u00e0 2,00 EUR dans les championnats des jeunes, lui est inflig\u00e9e d\u2019office. En outre, l\u2019instance f\u00e9d\u00e9rale comp\u00e9tente prononce les sanctions pr\u00e9vues pour l\u2019 inscription de joueurs non qualifi\u00e9s (Art. 1026), \u00e0 l\u2019exception des amendes.<\/span><\/p>\n<p><span style=\"font-size: small;\"><u><strong>5. Absence de licence de joueur ? Sanctions <\/strong><\/u><\/span><\/p>\n<p><span style=\"font-size: small;\"><strong>51<\/strong>. Le joueur, qui doit poss\u00e9der une licence et qui ne peut la produire, est p\u00e9nalis\u00e9 d\u2019une amende de 40,00 EUR.<\/span><\/p>\n<p><span style=\"font-size: small;\"><strong>52.<\/strong> Si le joueur ne peut en outre produire un document officiel d\u2019identit\u00e9 comme pr\u00e9vu au point 12 ci-dessus, il n\u2019est pas qualifi\u00e9 pour participer \u00e0 la rencontre.<\/span><\/p>\n<p><span style=\"font-size: small;\">Au cas o\u00f9 il y participe n\u00e9anmoins, l\u2019instance f\u00e9d\u00e9rale comp\u00e9tente prononce les sanctions pr\u00e9vues pour l\u2019inscription de joueurs non qualifi\u00e9s (Art. 1026), <\/span><span style=\"font-size: small;\">\u00e0 l\u2019exception des amendes.<\/span><\/p>\n<p><span style=\"font-size: small;\"><strong>53.<\/strong> Si le joueur a pr\u00e9sent\u00e9 un document officiel d\u2019identit\u00e9, une enqu\u00eate est ouverte d\u2019office sur la qualification du joueur.<\/span><\/p>\n<p><span style=\"font-size: small;\">Si le joueur ne peut \u00eatre consid\u00e9r\u00e9 comme \u00e9tant en possession d\u2019une licence, les sanctions pr\u00e9vues pour l\u2019inscription de joueurs non qualifi\u00e9s (Art. 1026) <\/span><span style=\"font-size: small;\">sont inflig\u00e9es par les instances comp\u00e9tentes.<\/span><\/p>\n","protected":false},"excerpt":{"rendered":"<p>Article 1421 du R\u00e8glement f\u00e9d\u00e9ral : Identification des joueurs 1. Identification 11. A l\u2019exception des matches des \u00e9quipes premi\u00e8res de la Pro League, pour lesquelles les dispositions de l\u2019article 335 sont d\u2019application, tout joueur inscrit sur la feuille de match d\u2019une comp\u00e9tition officielle doit pr\u00e9senter un document officiel d\u2019identit\u00e9 ou une licence. Le joueur, qui [&hellip;]<\/p>\n","protected":false},"author":1,"featured_media":0,"parent":0,"menu_order":0,"comment_status":"closed","ping_status":"closed","template":"","meta":{"_crdt_document":"","footnotes":""},"class_list":["post-1651","page","type-page","status-publish","hentry"],"_links":{"self":[{"href":"https:\/\/www.rcssarttilman.be\/index.php?rest_route=\/wp\/v2\/pages\/1651","targetHints":{"allow":["GET"]}}],"collection":[{"href":"https:\/\/www.rcssarttilman.be\/index.php?rest_route=\/wp\/v2\/pages"}],"about":[{"href":"https:\/\/www.rcssarttilman.be\/index.php?rest_route=\/wp\/v2\/types\/page"}],"author":[{"embeddable":true,"href":"https:\/\/www.rcssarttilman.be\/index.php?rest_route=\/wp\/v2\/users\/1"}],"replies":[{"embeddable":true,"href":"https:\/\/www.rcssarttilman.be\/index.php?rest_route=%2Fwp%2Fv2%2Fcomments&post=1651"}],"version-history":[{"count":3,"href":"https:\/\/www.rcssarttilman.be\/index.php?rest_route=\/wp\/v2\/pages\/1651\/revisions"}],"predecessor-version":[{"id":1972,"href":"https:\/\/www.rcssarttilman.be\/index.php?rest_route=\/wp\/v2\/pages\/1651\/revisions\/1972"}],"wp:attachment":[{"href":"https:\/\/www.rcssarttilman.be\/index.php?rest_route=%2Fwp%2Fv2%2Fmedia&parent=1651"}],"curies":[{"name":"wp","href":"https:\/\/api.w.org\/{rel}","templated":true}]}}