{"id":1654,"date":"2017-10-14T07:36:47","date_gmt":"2017-10-14T05:36:47","guid":{"rendered":"http:\/\/www.creawebdesign.be\/csst\/?page_id=1654"},"modified":"2017-12-20T13:46:23","modified_gmt":"2017-12-20T12:46:23","slug":"feuilles-de-match-electroniques","status":"publish","type":"page","link":"https:\/\/www.rcssarttilman.be\/?page_id=1654","title":{"rendered":"Feuilles de match \u00e9lectroniques"},"content":{"rendered":"<h4>Pour l&rsquo;acc\u00e8s aux feuilles de match \u00e9lectroniques, cliquez sur le logo ci-dessous.<\/h4>\n<p><a href=\"https:\/\/www.feuillesdematches.be\/astm\/faces\/login.jspx?_adf.ctrl-state=11qmcb67kg_7\" target=\"_blank\" rel=\"noopener\"><img loading=\"lazy\" decoding=\"async\" class=\"size-full wp-image-1655 alignleft\" src=\"http:\/\/www.cssarttilman.be\/wp-content\/uploads\/2017\/10\/e_kick_off.jpg\" alt=\"\" width=\"284\" height=\"56\" \/><\/a><\/p>\n<p>&nbsp;<\/p>\n<p>&nbsp;<\/p>\n<p>Vous trouverez, ci-dessous,\u00a0un m\u00e9mo\u00a0qui explique comment compl\u00e9ter votre noyau dans les feuilles digitalis\u00e9es pour les rencontres de U7 \u00e0 U12 :<\/p>\n<p>1\u00b0 <a href=\"http:\/\/www.cssarttilman.be\/wp-content\/uploads\/2017\/10\/3.composez_votre_noyau_de_joueurs3.pdf\" target=\"_blank\" rel=\"noopener\"><u>Compl\u00e9ter votre noyau de joueurs<\/u><\/a><\/p>\n<p><strong>Que faire avant et apr\u00e8s le match avec la feuille digitalis\u00e9e.<\/strong><\/p>\n<h2><strong><span style=\"color: #008000;\">Avant<\/span><\/strong><\/h2>\n<a href=\"https:\/\/www.rcssarttilman.be\/wp-content\/uploads\/2017\/10\/fd-7-a-13-avant-match.pdf\" class=\"pdfemb-viewer\" style=\"\" data-width=\"max\" data-height=\"max\" data-toolbar=\"top\" data-toolbar-fixed=\"on\">fd-7-a-13-avant-match<\/a>\n<h2><span style=\"color: #008000;\"><strong>Apr\u00e8s<\/strong><\/span><\/h2>\n<a href=\"https:\/\/www.rcssarttilman.be\/wp-content\/uploads\/2017\/10\/fd-7-a-13-apres-match.pdf\" class=\"pdfemb-viewer\" style=\"\" data-width=\"max\" data-height=\"max\" data-toolbar=\"top\" data-toolbar-fixed=\"on\">fd-7-a-13-apres-match<\/a>\n","protected":false},"excerpt":{"rendered":"<p>Pour l&rsquo;acc\u00e8s aux feuilles de match \u00e9lectroniques, cliquez sur le logo ci-dessous. &nbsp; &nbsp; Vous trouverez, ci-dessous,\u00a0un m\u00e9mo\u00a0qui explique comment compl\u00e9ter votre noyau dans les feuilles digitalis\u00e9es pour les rencontres de U7 \u00e0 U12 : 1\u00b0 Compl\u00e9ter votre noyau de joueurs Que faire avant et apr\u00e8s le match avec la feuille digitalis\u00e9e. Avant Apr\u00e8s<\/p>\n","protected":false},"author":1,"featured_media":0,"parent":0,"menu_order":0,"comment_status":"closed","ping_status":"closed","template":"","meta":{"_crdt_document":"","footnotes":""},"class_list":["post-1654","page","type-page","status-publish","hentry"],"_links":{"self":[{"href":"https:\/\/www.rcssarttilman.be\/index.php?rest_route=\/wp\/v2\/pages\/1654","targetHints":{"allow":["GET"]}}],"collection":[{"href":"https:\/\/www.rcssarttilman.be\/index.php?rest_route=\/wp\/v2\/pages"}],"about":[{"href":"https:\/\/www.rcssarttilman.be\/index.php?rest_route=\/wp\/v2\/types\/page"}],"author":[{"embeddable":true,"href":"https:\/\/www.rcssarttilman.be\/index.php?rest_route=\/wp\/v2\/users\/1"}],"replies":[{"embeddable":true,"href":"https:\/\/www.rcssarttilman.be\/index.php?rest_route=%2Fwp%2Fv2%2Fcomments&post=1654"}],"version-history":[{"count":7,"href":"https:\/\/www.rcssarttilman.be\/index.php?rest_route=\/wp\/v2\/pages\/1654\/revisions"}],"predecessor-version":[{"id":2659,"href":"https:\/\/www.rcssarttilman.be\/index.php?rest_route=\/wp\/v2\/pages\/1654\/revisions\/2659"}],"wp:attachment":[{"href":"https:\/\/www.rcssarttilman.be\/index.php?rest_route=%2Fwp%2Fv2%2Fmedia&parent=1654"}],"curies":[{"name":"wp","href":"https:\/\/api.w.org\/{rel}","templated":true}]}}