{"id":3414,"date":"2018-07-04T13:36:48","date_gmt":"2018-07-04T11:36:48","guid":{"rendered":"http:\/\/www.rcssarttilman.be\/?page_id=3414"},"modified":"2024-10-31T10:28:24","modified_gmt":"2024-10-31T09:28:24","slug":"dates-cles-2022-23-du-rcsst","status":"publish","type":"page","link":"https:\/\/www.rcssarttilman.be\/?page_id=3414","title":{"rendered":"Dates cl\u00e9s 2024-25 du RCSST"},"content":{"rendered":"<p><img loading=\"lazy\" decoding=\"async\" class=\"alignnone  wp-image-2915\" src=\"https:\/\/www.rcssarttilman.be\/wp-content\/uploads\/2018\/03\/RCSST_logo-150x150.png\" alt=\"\" width=\"93\" height=\"93\" \/><\/p>\n<p style=\"text-align: center;\"><strong>DATES CL\u00c9S DE LA SAISON 2024-25 DU RCS SART TILMAN<\/strong><\/p>\n<ul>\n<li>Semaine du 09 septembre 2024 : remise des \u00e9quipements<\/li>\n<li>Vendredi 27 septembre 2024 (f\u00eate de la F\u00e9d\u00e9ration Wallonie-Bruxelles) : entra\u00eenements maintenus<\/li>\n<li>Les week-ends des 28-29 septembre 2024 et du 05-06 octobre 2024: photo des \u00e9quipes<\/li>\n<li>Week-end du 02-03 novembre 2024 : fin de la premi\u00e8re phase de championnat<\/li>\n<li>Vendredi 1er novembre 2024 : suspension des entra\u00eenements<\/li>\n<li>Du 6 au 8 novembre 2024 : distribution des lasagnes.<\/li>\n<li>Samedi 30 novembre 2024 : Souper de Saint Nicolas<\/li>\n<li>D\u00e9but tr\u00eave hivernale du jeu \u00e0 2c2 -&gt; 8c8\u00a0: 01 d\u00e9cembre 2024<\/li>\n<li>Vendredi 13 d\u00e9cembre 2024 : interruption des entra\u00eenements U6 \u00e0 S\u00e9nior<\/li>\n<li>D\u00e9but tr\u00eave hivernale du jeu \u00e0 11c11 et s\u00e9niors: 15 d\u00e9cembre 2024<\/li>\n<li>Semaine du 6 janvier 2025 : reprise des entra\u00eenements U6 \u00e0 S\u00e9nior<\/li>\n<li>Reprise ces championnats du jeu \u00e0 11c11 et s\u00e9niors: 19 janvier 2025 (12 janvier si remise)<\/li>\n<li>Week-end du 11 et 12 janvier 2025 : tournoi d\u2019hiver du CSST<\/li>\n<li>Vacances de carnaval\u00a0: samedi 22 f\u00e9vrier au dimanche 08 mars 2025\u00a0;<\/li>\n<li>Lundi 31 mars\u00a0: d\u00e9but des tests<\/li>\n<li>Tournois de P\u00e2ques\u00a0: samedi 19, dimanche 20 et lundi 21 avril 2025\u00a0;<\/li>\n<li>Fin des championnats provinciaux 11c11, 8c8, 5c5c : WE 26-27 avril 2025 (sauf remises)\u00a0;<\/li>\n<li>Fin des championnats interprovinciaux : dimanche 27 avril 2025 (sauf remises)\u00a0;<\/li>\n<li>Fin des championnats P3, P4 et Dames : dimanche 29 avril 2025\u00a0;<\/li>\n<li>Vacances de printemps\u00a0: samedi 26 avril au dimanche 11 mai 2025\u00a0;<\/li>\n<li>D\u00e9but des tournois de printemps\u00a0: jeudi 01 mai 2025\u00a0;<\/li>\n<li>Du lundi 05 au vendredi 9 mai 2025 : stage de printemps du CSST<\/li>\n<li>Samedi 10 mai\u00a0: maxi festifoot U6 et U7<\/li>\n<li>Du samedi 17 au dimanche 18 mai 2025 : tournoi de printemps du CSST<\/li>\n<li>Ascension\u00a0: jeudi 29 mai 2025\u00a0;<\/li>\n<li>Vendredi 6 juin 2025 : suspension de tous les entra\u00eenements<\/li>\n<li>Pentec\u00f4te\u00a0: lundi 9 juin 2025\u00a0;<\/li>\n<li>Semaine du 21 juillet 2025 : reprise des entra\u00eenements pour le foot \u00e0 11c11<\/li>\n<li>Semaine du 4 ao\u00fbt 2025 : reprise des entra\u00eenements pour le foot \u00e0 8c8<\/li>\n<li>Semaine du 11 ao\u00fbt 2025 : reprise des entra\u00eenements pour le foot \u00e0 5c5, 3c3 et 2c2<\/li>\n<li>Semaine du 4 au 8 ao\u00fbt 2025 : 1er stage d\u2019\u00e9t\u00e9<\/li>\n<li>Semaine du 18 au 23 ao\u00fbt 2025 : 2\u00e8me stage d\u2019\u00e9t\u00e9<\/li>\n<\/ul>\n","protected":false},"excerpt":{"rendered":"<p>DATES CL\u00c9S DE LA SAISON 2024-25 DU RCS SART TILMAN Semaine du 09 septembre 2024 : remise des \u00e9quipements Vendredi 27 septembre 2024 (f\u00eate de la F\u00e9d\u00e9ration Wallonie-Bruxelles) : entra\u00eenements maintenus Les week-ends des 28-29 septembre 2024 et du 05-06 octobre 2024: photo des \u00e9quipes Week-end du 02-03 novembre 2024 : fin de la premi\u00e8re [&hellip;]<\/p>\n","protected":false},"author":1,"featured_media":0,"parent":0,"menu_order":0,"comment_status":"closed","ping_status":"open","template":"","meta":{"_crdt_document":"","footnotes":""},"class_list":["post-3414","page","type-page","status-publish","hentry"],"_links":{"self":[{"href":"https:\/\/www.rcssarttilman.be\/index.php?rest_route=\/wp\/v2\/pages\/3414","targetHints":{"allow":["GET"]}}],"collection":[{"href":"https:\/\/www.rcssarttilman.be\/index.php?rest_route=\/wp\/v2\/pages"}],"about":[{"href":"https:\/\/www.rcssarttilman.be\/index.php?rest_route=\/wp\/v2\/types\/page"}],"author":[{"embeddable":true,"href":"https:\/\/www.rcssarttilman.be\/index.php?rest_route=\/wp\/v2\/users\/1"}],"replies":[{"embeddable":true,"href":"https:\/\/www.rcssarttilman.be\/index.php?rest_route=%2Fwp%2Fv2%2Fcomments&post=3414"}],"version-history":[{"count":8,"href":"https:\/\/www.rcssarttilman.be\/index.php?rest_route=\/wp\/v2\/pages\/3414\/revisions"}],"predecessor-version":[{"id":6344,"href":"https:\/\/www.rcssarttilman.be\/index.php?rest_route=\/wp\/v2\/pages\/3414\/revisions\/6344"}],"wp:attachment":[{"href":"https:\/\/www.rcssarttilman.be\/index.php?rest_route=%2Fwp%2Fv2%2Fmedia&parent=3414"}],"curies":[{"name":"wp","href":"https:\/\/api.w.org\/{rel}","templated":true}]}}