{"id":5879,"date":"2021-08-01T14:56:03","date_gmt":"2021-08-01T12:56:03","guid":{"rendered":"http:\/\/www.rcssarttilman.be\/?page_id=5879"},"modified":"2025-04-01T12:22:23","modified_gmt":"2025-04-01T10:22:23","slug":"boutique","status":"publish","type":"page","link":"https:\/\/www.rcssarttilman.be\/?page_id=5879","title":{"rendered":"Boutique"},"content":{"rendered":"<p>La boutique en ligne vous permet de compl\u00e9ter ou remplacer l\u2019\u00e9quipement remis \u00e0 chaque joueur.<\/p>\n<p>Pour commander les articles du club (expos\u00e9s dans la vitrine de la buvette) ou du catalogue du nouvel \u00e9quipementier du club (PATRICK) connectez vous \u00e0 la boutique en ligne en cliquant sur le bouton ci-dessous.<\/p>\n<p><a href=\"https:\/\/www.brandsfit.com\/cssarttilman\/en-eu\" target=\"_blank\" rel=\"noopener\"><img loading=\"lazy\" decoding=\"async\" class=\"alignnone  wp-image-5881 aligncenter\" src=\"https:\/\/www.rcssarttilman.be\/wp-content\/uploads\/2021\/08\/BeL.jpg\" alt=\"\" width=\"163\" height=\"76\" \/><\/a><\/p>\n<p>B\u00e9n\u00e9ficiez d\u2019une <strong>r\u00e9duction de 25 %<\/strong> gr\u00e2ce au code de r\u00e9duction du club (<strong>CST)\u00a0<\/strong><\/p>\n\n\n<p class=\"wp-block-paragraph\"><\/p>\n","protected":false},"excerpt":{"rendered":"<p>La boutique en ligne vous permet de compl\u00e9ter ou remplacer l\u2019\u00e9quipement remis \u00e0 chaque joueur. Pour commander les articles du club (expos\u00e9s dans la vitrine de la buvette) ou du catalogue du nouvel \u00e9quipementier du club (PATRICK) connectez vous \u00e0 la boutique en ligne en cliquant sur le bouton ci-dessous. B\u00e9n\u00e9ficiez d\u2019une r\u00e9duction de 25 [&hellip;]<\/p>\n","protected":false},"author":2,"featured_media":0,"parent":0,"menu_order":0,"comment_status":"closed","ping_status":"closed","template":"","meta":{"_crdt_document":"","footnotes":""},"class_list":["post-5879","page","type-page","status-publish","hentry"],"_links":{"self":[{"href":"https:\/\/www.rcssarttilman.be\/index.php?rest_route=\/wp\/v2\/pages\/5879","targetHints":{"allow":["GET"]}}],"collection":[{"href":"https:\/\/www.rcssarttilman.be\/index.php?rest_route=\/wp\/v2\/pages"}],"about":[{"href":"https:\/\/www.rcssarttilman.be\/index.php?rest_route=\/wp\/v2\/types\/page"}],"author":[{"embeddable":true,"href":"https:\/\/www.rcssarttilman.be\/index.php?rest_route=\/wp\/v2\/users\/2"}],"replies":[{"embeddable":true,"href":"https:\/\/www.rcssarttilman.be\/index.php?rest_route=%2Fwp%2Fv2%2Fcomments&post=5879"}],"version-history":[{"count":4,"href":"https:\/\/www.rcssarttilman.be\/index.php?rest_route=\/wp\/v2\/pages\/5879\/revisions"}],"predecessor-version":[{"id":6389,"href":"https:\/\/www.rcssarttilman.be\/index.php?rest_route=\/wp\/v2\/pages\/5879\/revisions\/6389"}],"wp:attachment":[{"href":"https:\/\/www.rcssarttilman.be\/index.php?rest_route=%2Fwp%2Fv2%2Fmedia&parent=5879"}],"curies":[{"name":"wp","href":"https:\/\/api.w.org\/{rel}","templated":true}]}}